{"id":1296,"date":"2023-05-21T22:50:15","date_gmt":"2023-05-21T19:50:15","guid":{"rendered":"http:\/\/www.berrindesign.com\/travel\/"},"modified":"2023-05-21T23:04:42","modified_gmt":"2023-05-21T20:04:42","slug":"travel","status":"publish","type":"page","link":"https:\/\/www.berrindesign.com\/en\/lifestyle\/travel\/","title":{"rendered":"Travel"},"content":{"rendered":"\n\n  \n    <div class=\"row large-columns-3 medium-columns- small-columns-2\" >\n  <div class=\"gallery-col col\" >\n          <div class=\"col-inner\">\n            <a class=\"image-lightbox lightbox-gallery\" href=\"https:\/\/www.berrindesign.com\/wp-content\/uploads\/2023\/05\/berrindesign-travel-1.jpg\" title=\"\">            <div class=\"box has-hover gallery-box box-overlay dark\">\n              <div class=\"box-image image-zoom image-cover\" style=\"padding-top:100%;\">\n                <img loading=\"lazy\" decoding=\"async\" width=\"272\" height=\"400\" src=\"https:\/\/www.berrindesign.com\/wp-content\/uploads\/2023\/05\/berrindesign-travel-1-272x400.jpg\" class=\"attachment-medium size-medium\" alt=\"\" ids=\"1264,1266,1268,1270,1272,1274,1276,1278,1280,1282,1284,1286,1288,1290\" lightbox_image_size=\"original\" columns=\"3\" image_height=\"100%\" image_hover=\"zoom\" text_size=\"large\" srcset=\"https:\/\/www.berrindesign.com\/wp-content\/uploads\/2023\/05\/berrindesign-travel-1-272x400.jpg 272w, https:\/\/www.berrindesign.com\/wp-content\/uploads\/2023\/05\/berrindesign-travel-1-247x363.jpg 247w, https:\/\/www.berrindesign.com\/wp-content\/uploads\/2023\/05\/berrindesign-travel-1.jpg 472w\" sizes=\"auto, (max-width: 272px) 100vw, 272px\" \/>                                  <div class=\"overlay fill\"\n                      style=\"background-color: rgba(0,0,0,.15)\">\n                  <\/div>\n                                                              <\/div>\n              <div class=\"box-text text-left is-large\" >\n                 <p><\/p>\n              <\/div>\n            <\/div>\n            <\/a>          <\/div>\n         <\/div><div class=\"gallery-col col\" >\n          <div class=\"col-inner\">\n            <a class=\"image-lightbox lightbox-gallery\" href=\"https:\/\/www.berrindesign.com\/wp-content\/uploads\/2023\/05\/berrindesign-travel-2.jpg\" title=\"Barselona\/Ispanya-2016\nilham\u0131n nereden gelece\u011fi belli olmaz\u2026 Miro M\u00fczesi\">            <div class=\"box has-hover gallery-box box-overlay dark\">\n              <div class=\"box-image image-zoom image-cover\" style=\"padding-top:100%;\">\n                <img loading=\"lazy\" decoding=\"async\" width=\"400\" height=\"400\" src=\"https:\/\/www.berrindesign.com\/wp-content\/uploads\/2023\/05\/berrindesign-travel-2-400x400.jpg\" class=\"attachment-medium size-medium\" alt=\"\" ids=\"1264,1266,1268,1270,1272,1274,1276,1278,1280,1282,1284,1286,1288,1290\" lightbox_image_size=\"original\" columns=\"3\" image_height=\"100%\" image_hover=\"zoom\" text_size=\"large\" srcset=\"https:\/\/www.berrindesign.com\/wp-content\/uploads\/2023\/05\/berrindesign-travel-2-400x400.jpg 400w, https:\/\/www.berrindesign.com\/wp-content\/uploads\/2023\/05\/berrindesign-travel-2-280x280.jpg 280w, https:\/\/www.berrindesign.com\/wp-content\/uploads\/2023\/05\/berrindesign-travel-2-247x247.jpg 247w, https:\/\/www.berrindesign.com\/wp-content\/uploads\/2023\/05\/berrindesign-travel-2-510x510.jpg 510w, https:\/\/www.berrindesign.com\/wp-content\/uploads\/2023\/05\/berrindesign-travel-2-100x100.jpg 100w, https:\/\/www.berrindesign.com\/wp-content\/uploads\/2023\/05\/berrindesign-travel-2.jpg 540w\" sizes=\"auto, (max-width: 400px) 100vw, 400px\" \/>                                  <div class=\"overlay fill\"\n                      style=\"background-color: rgba(0,0,0,.15)\">\n                  <\/div>\n                                                              <\/div>\n              <div class=\"box-text text-left is-large\" >\n                 <p>Barselona\/Ispanya-2016\nilham\u0131n nereden gelece\u011fi belli olmaz\u2026 Miro M\u00fczesi<\/p>\n              <\/div>\n            <\/div>\n            <\/a>          <\/div>\n         <\/div><div class=\"gallery-col col\" >\n          <div class=\"col-inner\">\n            <a class=\"image-lightbox lightbox-gallery\" href=\"https:\/\/www.berrindesign.com\/wp-content\/uploads\/2023\/05\/berrindesign-travel-3.jpg\" title=\"Granada\/Ispanya-2019 Tarih ile b\u00fct\u00fcnle\u015fmek\u2026\">            <div class=\"box has-hover gallery-box box-overlay dark\">\n              <div class=\"box-image image-zoom image-cover\" style=\"padding-top:100%;\">\n                <img loading=\"lazy\" decoding=\"async\" width=\"400\" height=\"400\" src=\"https:\/\/www.berrindesign.com\/wp-content\/uploads\/2023\/05\/berrindesign-travel-3-400x400.jpg\" class=\"attachment-medium size-medium\" alt=\"\" ids=\"1264,1266,1268,1270,1272,1274,1276,1278,1280,1282,1284,1286,1288,1290\" lightbox_image_size=\"original\" columns=\"3\" image_height=\"100%\" image_hover=\"zoom\" text_size=\"large\" srcset=\"https:\/\/www.berrindesign.com\/wp-content\/uploads\/2023\/05\/berrindesign-travel-3-400x400.jpg 400w, https:\/\/www.berrindesign.com\/wp-content\/uploads\/2023\/05\/berrindesign-travel-3-280x280.jpg 280w, https:\/\/www.berrindesign.com\/wp-content\/uploads\/2023\/05\/berrindesign-travel-3-247x247.jpg 247w, https:\/\/www.berrindesign.com\/wp-content\/uploads\/2023\/05\/berrindesign-travel-3-510x510.jpg 510w, https:\/\/www.berrindesign.com\/wp-content\/uploads\/2023\/05\/berrindesign-travel-3-100x100.jpg 100w, https:\/\/www.berrindesign.com\/wp-content\/uploads\/2023\/05\/berrindesign-travel-3.jpg 540w\" sizes=\"auto, (max-width: 400px) 100vw, 400px\" \/>                                  <div class=\"overlay fill\"\n                      style=\"background-color: rgba(0,0,0,.15)\">\n                  <\/div>\n                                                              <\/div>\n              <div class=\"box-text text-left is-large\" >\n                 <p>Granada\/Ispanya-2019 Tarih ile b\u00fct\u00fcnle\u015fmek\u2026<\/p>\n              <\/div>\n            <\/div>\n            <\/a>          <\/div>\n         <\/div><div class=\"gallery-col col\" >\n          <div class=\"col-inner\">\n            <a class=\"image-lightbox lightbox-gallery\" href=\"https:\/\/www.berrindesign.com\/wp-content\/uploads\/2023\/05\/berrindesign-travel-4.jpg\" title=\"London\/England-2019 Sisterhood\u2026\">            <div class=\"box has-hover gallery-box box-overlay dark\">\n              <div class=\"box-image image-zoom image-cover\" style=\"padding-top:100%;\">\n                <img loading=\"lazy\" decoding=\"async\" width=\"532\" height=\"400\" src=\"https:\/\/www.berrindesign.com\/wp-content\/uploads\/2023\/05\/berrindesign-travel-4-532x400.jpg\" class=\"attachment-medium size-medium\" alt=\"\" ids=\"1264,1266,1268,1270,1272,1274,1276,1278,1280,1282,1284,1286,1288,1290\" lightbox_image_size=\"original\" columns=\"3\" image_height=\"100%\" image_hover=\"zoom\" text_size=\"large\" srcset=\"https:\/\/www.berrindesign.com\/wp-content\/uploads\/2023\/05\/berrindesign-travel-4-532x400.jpg 532w, https:\/\/www.berrindesign.com\/wp-content\/uploads\/2023\/05\/berrindesign-travel-4-247x186.jpg 247w, https:\/\/www.berrindesign.com\/wp-content\/uploads\/2023\/05\/berrindesign-travel-4-510x383.jpg 510w, https:\/\/www.berrindesign.com\/wp-content\/uploads\/2023\/05\/berrindesign-travel-4.jpg 540w\" sizes=\"auto, (max-width: 532px) 100vw, 532px\" \/>                                  <div class=\"overlay fill\"\n                      style=\"background-color: rgba(0,0,0,.15)\">\n                  <\/div>\n                                                              <\/div>\n              <div class=\"box-text text-left is-large\" >\n                 <p>London\/England-2019 Sisterhood\u2026<\/p>\n              <\/div>\n            <\/div>\n            <\/a>          <\/div>\n         <\/div><div class=\"gallery-col col\" >\n          <div class=\"col-inner\">\n            <a class=\"image-lightbox lightbox-gallery\" href=\"https:\/\/www.berrindesign.com\/wp-content\/uploads\/2023\/05\/berrindesign-travel-5.jpg\" title=\"London\/England-2019 Carnaby \u2026\">            <div class=\"box has-hover gallery-box box-overlay dark\">\n              <div class=\"box-image image-zoom image-cover\" style=\"padding-top:100%;\">\n                <img loading=\"lazy\" decoding=\"async\" width=\"320\" height=\"400\" src=\"https:\/\/www.berrindesign.com\/wp-content\/uploads\/2023\/05\/berrindesign-travel-5-320x400.jpg\" class=\"attachment-medium size-medium\" alt=\"\" ids=\"1264,1266,1268,1270,1272,1274,1276,1278,1280,1282,1284,1286,1288,1290\" lightbox_image_size=\"original\" columns=\"3\" image_height=\"100%\" image_hover=\"zoom\" text_size=\"large\" srcset=\"https:\/\/www.berrindesign.com\/wp-content\/uploads\/2023\/05\/berrindesign-travel-5-320x400.jpg 320w, https:\/\/www.berrindesign.com\/wp-content\/uploads\/2023\/05\/berrindesign-travel-5-247x309.jpg 247w, https:\/\/www.berrindesign.com\/wp-content\/uploads\/2023\/05\/berrindesign-travel-5-510x638.jpg 510w, https:\/\/www.berrindesign.com\/wp-content\/uploads\/2023\/05\/berrindesign-travel-5.jpg 540w\" sizes=\"auto, (max-width: 320px) 100vw, 320px\" \/>                                  <div class=\"overlay fill\"\n                      style=\"background-color: rgba(0,0,0,.15)\">\n                  <\/div>\n                                                              <\/div>\n              <div class=\"box-text text-left is-large\" >\n                 <p>London\/England-2019 Carnaby \u2026<\/p>\n              <\/div>\n            <\/div>\n            <\/a>          <\/div>\n         <\/div><div class=\"gallery-col col\" >\n          <div class=\"col-inner\">\n            <a class=\"image-lightbox lightbox-gallery\" href=\"https:\/\/www.berrindesign.com\/wp-content\/uploads\/2023\/05\/berrindesign-travel-6.jpg\" title=\"Granada\/Ispanya-2019 Tarih ile b\u00fct\u00fcnle\u015fmek\u2026\">            <div class=\"box has-hover gallery-box box-overlay dark\">\n              <div class=\"box-image image-zoom image-cover\" style=\"padding-top:100%;\">\n                <img loading=\"lazy\" decoding=\"async\" width=\"300\" height=\"400\" src=\"https:\/\/www.berrindesign.com\/wp-content\/uploads\/2023\/05\/berrindesign-travel-6-300x400.jpg\" class=\"attachment-medium size-medium\" alt=\"\" ids=\"1264,1266,1268,1270,1272,1274,1276,1278,1280,1282,1284,1286,1288,1290\" lightbox_image_size=\"original\" columns=\"3\" image_height=\"100%\" image_hover=\"zoom\" text_size=\"large\" srcset=\"https:\/\/www.berrindesign.com\/wp-content\/uploads\/2023\/05\/berrindesign-travel-6-300x400.jpg 300w, https:\/\/www.berrindesign.com\/wp-content\/uploads\/2023\/05\/berrindesign-travel-6-247x329.jpg 247w, https:\/\/www.berrindesign.com\/wp-content\/uploads\/2023\/05\/berrindesign-travel-6-510x680.jpg 510w, https:\/\/www.berrindesign.com\/wp-content\/uploads\/2023\/05\/berrindesign-travel-6.jpg 540w\" sizes=\"auto, (max-width: 300px) 100vw, 300px\" \/>                                  <div class=\"overlay fill\"\n                      style=\"background-color: rgba(0,0,0,.15)\">\n                  <\/div>\n                                                              <\/div>\n              <div class=\"box-text text-left is-large\" >\n                 <p>Granada\/Ispanya-2019 Tarih ile b\u00fct\u00fcnle\u015fmek\u2026<\/p>\n              <\/div>\n            <\/div>\n            <\/a>          <\/div>\n         <\/div><div class=\"gallery-col col\" >\n          <div class=\"col-inner\">\n            <a class=\"image-lightbox lightbox-gallery\" href=\"https:\/\/www.berrindesign.com\/wp-content\/uploads\/2023\/05\/berrindesign-travel-7.jpg\" title=\"Granada\/Ispanya-2019 Acaba burada kimler ya\u015fad\u0131\u2026\">            <div class=\"box has-hover gallery-box box-overlay dark\">\n              <div class=\"box-image image-zoom image-cover\" style=\"padding-top:100%;\">\n                <img loading=\"lazy\" decoding=\"async\" width=\"300\" height=\"400\" src=\"https:\/\/www.berrindesign.com\/wp-content\/uploads\/2023\/05\/berrindesign-travel-7-300x400.jpg\" class=\"attachment-medium size-medium\" alt=\"\" ids=\"1264,1266,1268,1270,1272,1274,1276,1278,1280,1282,1284,1286,1288,1290\" lightbox_image_size=\"original\" columns=\"3\" image_height=\"100%\" image_hover=\"zoom\" text_size=\"large\" srcset=\"https:\/\/www.berrindesign.com\/wp-content\/uploads\/2023\/05\/berrindesign-travel-7-300x400.jpg 300w, https:\/\/www.berrindesign.com\/wp-content\/uploads\/2023\/05\/berrindesign-travel-7-247x329.jpg 247w, https:\/\/www.berrindesign.com\/wp-content\/uploads\/2023\/05\/berrindesign-travel-7-510x680.jpg 510w, https:\/\/www.berrindesign.com\/wp-content\/uploads\/2023\/05\/berrindesign-travel-7.jpg 540w\" sizes=\"auto, (max-width: 300px) 100vw, 300px\" \/>                                  <div class=\"overlay fill\"\n                      style=\"background-color: rgba(0,0,0,.15)\">\n                  <\/div>\n                                                              <\/div>\n              <div class=\"box-text text-left is-large\" >\n                 <p>Granada\/Ispanya-2019 Acaba burada kimler ya\u015fad\u0131\u2026<\/p>\n              <\/div>\n            <\/div>\n            <\/a>          <\/div>\n         <\/div><div class=\"gallery-col col\" >\n          <div class=\"col-inner\">\n            <a class=\"image-lightbox lightbox-gallery\" href=\"https:\/\/www.berrindesign.com\/wp-content\/uploads\/2023\/05\/berrindesign-travel-8.jpg\" title=\"\">            <div class=\"box has-hover gallery-box box-overlay dark\">\n              <div class=\"box-image image-zoom image-cover\" style=\"padding-top:100%;\">\n                <img loading=\"lazy\" decoding=\"async\" width=\"300\" height=\"400\" src=\"https:\/\/www.berrindesign.com\/wp-content\/uploads\/2023\/05\/berrindesign-travel-8-300x400.jpg\" class=\"attachment-medium size-medium\" alt=\"\" ids=\"1264,1266,1268,1270,1272,1274,1276,1278,1280,1282,1284,1286,1288,1290\" lightbox_image_size=\"original\" columns=\"3\" image_height=\"100%\" image_hover=\"zoom\" text_size=\"large\" srcset=\"https:\/\/www.berrindesign.com\/wp-content\/uploads\/2023\/05\/berrindesign-travel-8-300x400.jpg 300w, https:\/\/www.berrindesign.com\/wp-content\/uploads\/2023\/05\/berrindesign-travel-8-247x330.jpg 247w, https:\/\/www.berrindesign.com\/wp-content\/uploads\/2023\/05\/berrindesign-travel-8-510x681.jpg 510w, https:\/\/www.berrindesign.com\/wp-content\/uploads\/2023\/05\/berrindesign-travel-8.jpg 540w\" sizes=\"auto, (max-width: 300px) 100vw, 300px\" \/>                                  <div class=\"overlay fill\"\n                      style=\"background-color: rgba(0,0,0,.15)\">\n                  <\/div>\n                                                              <\/div>\n              <div class=\"box-text text-left is-large\" >\n                 <p><\/p>\n              <\/div>\n            <\/div>\n            <\/a>          <\/div>\n         <\/div><div class=\"gallery-col col\" >\n          <div class=\"col-inner\">\n            <a class=\"image-lightbox lightbox-gallery\" href=\"https:\/\/www.berrindesign.com\/wp-content\/uploads\/2023\/05\/berrindesign-travel-9.jpg\" title=\"Urfa\/T\u00fcrkiye - 2021 Tarihin s\u0131f\u0131r noktas\u0131 \u2018G\u00f6beklitepe\u2019\u2026\">            <div class=\"box has-hover gallery-box box-overlay dark\">\n              <div class=\"box-image image-zoom image-cover\" style=\"padding-top:100%;\">\n                <img loading=\"lazy\" decoding=\"async\" width=\"300\" height=\"400\" src=\"https:\/\/www.berrindesign.com\/wp-content\/uploads\/2023\/05\/berrindesign-travel-9-300x400.jpg\" class=\"attachment-medium size-medium\" alt=\"\" ids=\"1264,1266,1268,1270,1272,1274,1276,1278,1280,1282,1284,1286,1288,1290\" lightbox_image_size=\"original\" columns=\"3\" image_height=\"100%\" image_hover=\"zoom\" text_size=\"large\" srcset=\"https:\/\/www.berrindesign.com\/wp-content\/uploads\/2023\/05\/berrindesign-travel-9-300x400.jpg 300w, https:\/\/www.berrindesign.com\/wp-content\/uploads\/2023\/05\/berrindesign-travel-9-247x329.jpg 247w, https:\/\/www.berrindesign.com\/wp-content\/uploads\/2023\/05\/berrindesign-travel-9-510x680.jpg 510w, https:\/\/www.berrindesign.com\/wp-content\/uploads\/2023\/05\/berrindesign-travel-9.jpg 540w\" sizes=\"auto, (max-width: 300px) 100vw, 300px\" \/>                                  <div class=\"overlay fill\"\n                      style=\"background-color: rgba(0,0,0,.15)\">\n                  <\/div>\n                                                              <\/div>\n              <div class=\"box-text text-left is-large\" >\n                 <p>Urfa\/T\u00fcrkiye - 2021 Tarihin s\u0131f\u0131r noktas\u0131 \u2018G\u00f6beklitepe\u2019\u2026<\/p>\n              <\/div>\n            <\/div>\n            <\/a>          <\/div>\n         <\/div><div class=\"gallery-col col\" >\n          <div class=\"col-inner\">\n            <a class=\"image-lightbox lightbox-gallery\" href=\"https:\/\/www.berrindesign.com\/wp-content\/uploads\/2023\/05\/berrindesign-travel-10.jpg\" title=\"\">            <div class=\"box has-hover gallery-box box-overlay dark\">\n              <div class=\"box-image image-zoom image-cover\" style=\"padding-top:100%;\">\n                <img loading=\"lazy\" decoding=\"async\" width=\"300\" height=\"400\" src=\"https:\/\/www.berrindesign.com\/wp-content\/uploads\/2023\/05\/berrindesign-travel-10-300x400.jpg\" class=\"attachment-medium size-medium\" alt=\"\" ids=\"1264,1266,1268,1270,1272,1274,1276,1278,1280,1282,1284,1286,1288,1290\" lightbox_image_size=\"original\" columns=\"3\" image_height=\"100%\" image_hover=\"zoom\" text_size=\"large\" srcset=\"https:\/\/www.berrindesign.com\/wp-content\/uploads\/2023\/05\/berrindesign-travel-10-300x400.jpg 300w, https:\/\/www.berrindesign.com\/wp-content\/uploads\/2023\/05\/berrindesign-travel-10-247x329.jpg 247w, https:\/\/www.berrindesign.com\/wp-content\/uploads\/2023\/05\/berrindesign-travel-10-510x680.jpg 510w, https:\/\/www.berrindesign.com\/wp-content\/uploads\/2023\/05\/berrindesign-travel-10.jpg 540w\" sizes=\"auto, (max-width: 300px) 100vw, 300px\" \/>                                  <div class=\"overlay fill\"\n                      style=\"background-color: rgba(0,0,0,.15)\">\n                  <\/div>\n                                                              <\/div>\n              <div class=\"box-text text-left is-large\" >\n                 <p><\/p>\n              <\/div>\n            <\/div>\n            <\/a>          <\/div>\n         <\/div><div class=\"gallery-col col\" >\n          <div class=\"col-inner\">\n            <a class=\"image-lightbox lightbox-gallery\" href=\"https:\/\/www.berrindesign.com\/wp-content\/uploads\/2023\/05\/berrindesign-travel-11.jpg\" title=\"\">            <div class=\"box has-hover gallery-box box-overlay dark\">\n              <div class=\"box-image image-zoom image-cover\" style=\"padding-top:100%;\">\n                <img loading=\"lazy\" decoding=\"async\" width=\"400\" height=\"400\" src=\"https:\/\/www.berrindesign.com\/wp-content\/uploads\/2023\/05\/berrindesign-travel-11-400x400.jpg\" class=\"attachment-medium size-medium\" alt=\"\" ids=\"1264,1266,1268,1270,1272,1274,1276,1278,1280,1282,1284,1286,1288,1290\" lightbox_image_size=\"original\" columns=\"3\" image_height=\"100%\" image_hover=\"zoom\" text_size=\"large\" srcset=\"https:\/\/www.berrindesign.com\/wp-content\/uploads\/2023\/05\/berrindesign-travel-11-400x400.jpg 400w, https:\/\/www.berrindesign.com\/wp-content\/uploads\/2023\/05\/berrindesign-travel-11-280x280.jpg 280w, https:\/\/www.berrindesign.com\/wp-content\/uploads\/2023\/05\/berrindesign-travel-11-247x247.jpg 247w, https:\/\/www.berrindesign.com\/wp-content\/uploads\/2023\/05\/berrindesign-travel-11-510x510.jpg 510w, https:\/\/www.berrindesign.com\/wp-content\/uploads\/2023\/05\/berrindesign-travel-11-100x100.jpg 100w, https:\/\/www.berrindesign.com\/wp-content\/uploads\/2023\/05\/berrindesign-travel-11.jpg 540w\" sizes=\"auto, (max-width: 400px) 100vw, 400px\" \/>                                  <div class=\"overlay fill\"\n                      style=\"background-color: rgba(0,0,0,.15)\">\n                  <\/div>\n                                                              <\/div>\n              <div class=\"box-text text-left is-large\" >\n                 <p><\/p>\n              <\/div>\n            <\/div>\n            <\/a>          <\/div>\n         <\/div><div class=\"gallery-col col\" >\n          <div class=\"col-inner\">\n            <a class=\"image-lightbox lightbox-gallery\" href=\"https:\/\/www.berrindesign.com\/wp-content\/uploads\/2023\/05\/berrindesign-travel-12.jpg\" title=\"London\/England-2019 Streets of London\u2026\">            <div class=\"box has-hover gallery-box box-overlay dark\">\n              <div class=\"box-image image-zoom image-cover\" style=\"padding-top:100%;\">\n                <img loading=\"lazy\" decoding=\"async\" width=\"300\" height=\"400\" src=\"https:\/\/www.berrindesign.com\/wp-content\/uploads\/2023\/05\/berrindesign-travel-12-300x400.jpg\" class=\"attachment-medium size-medium\" alt=\"\" ids=\"1264,1266,1268,1270,1272,1274,1276,1278,1280,1282,1284,1286,1288,1290\" lightbox_image_size=\"original\" columns=\"3\" image_height=\"100%\" image_hover=\"zoom\" text_size=\"large\" srcset=\"https:\/\/www.berrindesign.com\/wp-content\/uploads\/2023\/05\/berrindesign-travel-12-300x400.jpg 300w, https:\/\/www.berrindesign.com\/wp-content\/uploads\/2023\/05\/berrindesign-travel-12-247x329.jpg 247w, https:\/\/www.berrindesign.com\/wp-content\/uploads\/2023\/05\/berrindesign-travel-12-510x680.jpg 510w, https:\/\/www.berrindesign.com\/wp-content\/uploads\/2023\/05\/berrindesign-travel-12.jpg 540w\" sizes=\"auto, (max-width: 300px) 100vw, 300px\" \/>                                  <div class=\"overlay fill\"\n                      style=\"background-color: rgba(0,0,0,.15)\">\n                  <\/div>\n                                                              <\/div>\n              <div class=\"box-text text-left is-large\" >\n                 <p>London\/England-2019 Streets of London\u2026<\/p>\n              <\/div>\n            <\/div>\n            <\/a>          <\/div>\n         <\/div><div class=\"gallery-col col\" >\n          <div class=\"col-inner\">\n            <a class=\"image-lightbox lightbox-gallery\" href=\"https:\/\/www.berrindesign.com\/wp-content\/uploads\/2023\/05\/berrindesign-travel-13.jpg\" title=\"Londra\/Ingiltere-2019 Biraz aristrokasiden zarar gelmez \uf04a en sevdi\u011fim mekanlardan\u2026 Victoria&amp;Albert M\u00fczesi\">            <div class=\"box has-hover gallery-box box-overlay dark\">\n              <div class=\"box-image image-zoom image-cover\" style=\"padding-top:100%;\">\n                <img loading=\"lazy\" decoding=\"async\" width=\"300\" height=\"400\" src=\"https:\/\/www.berrindesign.com\/wp-content\/uploads\/2023\/05\/berrindesign-travel-13-300x400.jpg\" class=\"attachment-medium size-medium\" alt=\"\" ids=\"1264,1266,1268,1270,1272,1274,1276,1278,1280,1282,1284,1286,1288,1290\" lightbox_image_size=\"original\" columns=\"3\" image_height=\"100%\" image_hover=\"zoom\" text_size=\"large\" srcset=\"https:\/\/www.berrindesign.com\/wp-content\/uploads\/2023\/05\/berrindesign-travel-13-300x400.jpg 300w, https:\/\/www.berrindesign.com\/wp-content\/uploads\/2023\/05\/berrindesign-travel-13-247x329.jpg 247w, https:\/\/www.berrindesign.com\/wp-content\/uploads\/2023\/05\/berrindesign-travel-13-510x680.jpg 510w, https:\/\/www.berrindesign.com\/wp-content\/uploads\/2023\/05\/berrindesign-travel-13.jpg 540w\" sizes=\"auto, (max-width: 300px) 100vw, 300px\" \/>                                  <div class=\"overlay fill\"\n                      style=\"background-color: rgba(0,0,0,.15)\">\n                  <\/div>\n                                                              <\/div>\n              <div class=\"box-text text-left is-large\" >\n                 <p>Londra\/Ingiltere-2019 Biraz aristrokasiden zarar gelmez \uf04a en sevdi\u011fim mekanlardan\u2026 Victoria&Albert M\u00fczesi<\/p>\n              <\/div>\n            <\/div>\n            <\/a>          <\/div>\n         <\/div><div class=\"gallery-col col\" >\n          <div class=\"col-inner\">\n            <a class=\"image-lightbox lightbox-gallery\" href=\"https:\/\/www.berrindesign.com\/wp-content\/uploads\/2023\/05\/berrindesign-travel-14.jpg\" title=\"London\/England-2019 Underground inspection\u2026\">            <div class=\"box has-hover gallery-box box-overlay dark\">\n              <div class=\"box-image image-zoom image-cover\" style=\"padding-top:100%;\">\n                <img loading=\"lazy\" decoding=\"async\" width=\"533\" height=\"400\" src=\"https:\/\/www.berrindesign.com\/wp-content\/uploads\/2023\/05\/berrindesign-travel-14-533x400.jpg\" class=\"attachment-medium size-medium\" alt=\"\" ids=\"1264,1266,1268,1270,1272,1274,1276,1278,1280,1282,1284,1286,1288,1290\" lightbox_image_size=\"original\" columns=\"3\" image_height=\"100%\" image_hover=\"zoom\" text_size=\"large\" srcset=\"https:\/\/www.berrindesign.com\/wp-content\/uploads\/2023\/05\/berrindesign-travel-14-533x400.jpg 533w, https:\/\/www.berrindesign.com\/wp-content\/uploads\/2023\/05\/berrindesign-travel-14-247x185.jpg 247w, https:\/\/www.berrindesign.com\/wp-content\/uploads\/2023\/05\/berrindesign-travel-14-510x383.jpg 510w, https:\/\/www.berrindesign.com\/wp-content\/uploads\/2023\/05\/berrindesign-travel-14.jpg 540w\" sizes=\"auto, (max-width: 533px) 100vw, 533px\" \/>                                  <div class=\"overlay fill\"\n                      style=\"background-color: rgba(0,0,0,.15)\">\n                  <\/div>\n                                                              <\/div>\n              <div class=\"box-text text-left is-large\" >\n                 <p>London\/England-2019 Underground inspection\u2026<\/p>\n              <\/div>\n            <\/div>\n            <\/a>          <\/div>\n         <\/div><\/div>\n","protected":false},"excerpt":{"rendered":"","protected":false},"author":1,"featured_media":0,"parent":1304,"menu_order":0,"comment_status":"closed","ping_status":"closed","template":"","meta":{"footnotes":""},"class_list":["post-1296","page","type-page","status-publish","hentry"],"_links":{"self":[{"href":"https:\/\/www.berrindesign.com\/en\/wp-json\/wp\/v2\/pages\/1296","targetHints":{"allow":["GET"]}}],"collection":[{"href":"https:\/\/www.berrindesign.com\/en\/wp-json\/wp\/v2\/pages"}],"about":[{"href":"https:\/\/www.berrindesign.com\/en\/wp-json\/wp\/v2\/types\/page"}],"author":[{"embeddable":true,"href":"https:\/\/www.berrindesign.com\/en\/wp-json\/wp\/v2\/users\/1"}],"replies":[{"embeddable":true,"href":"https:\/\/www.berrindesign.com\/en\/wp-json\/wp\/v2\/comments?post=1296"}],"version-history":[{"count":2,"href":"https:\/\/www.berrindesign.com\/en\/wp-json\/wp\/v2\/pages\/1296\/revisions"}],"predecessor-version":[{"id":1301,"href":"https:\/\/www.berrindesign.com\/en\/wp-json\/wp\/v2\/pages\/1296\/revisions\/1301"}],"up":[{"embeddable":true,"href":"https:\/\/www.berrindesign.com\/en\/wp-json\/wp\/v2\/pages\/1304"}],"wp:attachment":[{"href":"https:\/\/www.berrindesign.com\/en\/wp-json\/wp\/v2\/media?parent=1296"}],"curies":[{"name":"wp","href":"https:\/\/api.w.org\/{rel}","templated":true}]}}