{"id":1297,"date":"2023-05-21T22:40:01","date_gmt":"2023-05-21T19:40:01","guid":{"rendered":"http:\/\/www.berrindesign.com\/work\/"},"modified":"2023-05-21T23:04:57","modified_gmt":"2023-05-21T20:04:57","slug":"work","status":"publish","type":"page","link":"https:\/\/www.berrindesign.com\/en\/lifestyle\/work\/","title":{"rendered":"Work"},"content":{"rendered":"\n\n  \n    <div class=\"row large-columns-3 medium-columns- small-columns-2\" >\n  <div class=\"gallery-col col\" >\n          <div class=\"col-inner\">\n            <a class=\"image-lightbox lightbox-gallery\" href=\"https:\/\/www.berrindesign.com\/wp-content\/uploads\/2023\/05\/berrindesign-work-3.jpg\" title=\"\">            <div class=\"box has-hover gallery-box box-overlay dark\">\n              <div class=\"box-image image-zoom image-cover\" style=\"padding-top:100%;\">\n                <img loading=\"lazy\" decoding=\"async\" width=\"300\" height=\"400\" src=\"https:\/\/www.berrindesign.com\/wp-content\/uploads\/2023\/05\/berrindesign-work-3-300x400.jpg\" class=\"attachment-medium size-medium\" alt=\"\" ids=\"1252,1250,1254,1248\" lightbox_image_size=\"original\" columns=\"3\" image_height=\"100%\" image_hover=\"zoom\" text_size=\"large\" srcset=\"https:\/\/www.berrindesign.com\/wp-content\/uploads\/2023\/05\/berrindesign-work-3-300x400.jpg 300w, https:\/\/www.berrindesign.com\/wp-content\/uploads\/2023\/05\/berrindesign-work-3-600x800.jpg 600w, https:\/\/www.berrindesign.com\/wp-content\/uploads\/2023\/05\/berrindesign-work-3-247x329.jpg 247w, https:\/\/www.berrindesign.com\/wp-content\/uploads\/2023\/05\/berrindesign-work-3-510x680.jpg 510w, https:\/\/www.berrindesign.com\/wp-content\/uploads\/2023\/05\/berrindesign-work-3.jpg 768w\" sizes=\"auto, (max-width: 300px) 100vw, 300px\" \/>                                  <div class=\"overlay fill\"\n                      style=\"background-color: rgba(0,0,0,.15)\">\n                  <\/div>\n                                                              <\/div>\n              <div class=\"box-text text-left is-large\" >\n                 <p><\/p>\n              <\/div>\n            <\/div>\n            <\/a>          <\/div>\n         <\/div><div class=\"gallery-col col\" >\n          <div class=\"col-inner\">\n            <a class=\"image-lightbox lightbox-gallery\" href=\"https:\/\/www.berrindesign.com\/wp-content\/uploads\/2023\/05\/berrindesign-work-2.jpg\" title=\"Londra\/Ingiltere-2019 Bir de fuar an\u0131m\u0131z olmas\u0131n m\u0131? \uf04a\u2026 Uluslararas\u0131 M\u00fccevher Fuar\u0131\">            <div class=\"box has-hover gallery-box box-overlay dark\">\n              <div class=\"box-image image-zoom image-cover\" style=\"padding-top:100%;\">\n                <img loading=\"lazy\" decoding=\"async\" width=\"300\" height=\"400\" src=\"https:\/\/www.berrindesign.com\/wp-content\/uploads\/2023\/05\/berrindesign-work-2-300x400.jpg\" class=\"attachment-medium size-medium\" alt=\"\" ids=\"1252,1250,1254,1248\" lightbox_image_size=\"original\" columns=\"3\" image_height=\"100%\" image_hover=\"zoom\" text_size=\"large\" srcset=\"https:\/\/www.berrindesign.com\/wp-content\/uploads\/2023\/05\/berrindesign-work-2-300x400.jpg 300w, https:\/\/www.berrindesign.com\/wp-content\/uploads\/2023\/05\/berrindesign-work-2-600x800.jpg 600w, https:\/\/www.berrindesign.com\/wp-content\/uploads\/2023\/05\/berrindesign-work-2-247x329.jpg 247w, https:\/\/www.berrindesign.com\/wp-content\/uploads\/2023\/05\/berrindesign-work-2-510x680.jpg 510w, https:\/\/www.berrindesign.com\/wp-content\/uploads\/2023\/05\/berrindesign-work-2.jpg 768w\" sizes=\"auto, (max-width: 300px) 100vw, 300px\" \/>                                  <div class=\"overlay fill\"\n                      style=\"background-color: rgba(0,0,0,.15)\">\n                  <\/div>\n                                                              <\/div>\n              <div class=\"box-text text-left is-large\" >\n                 <p>Londra\/Ingiltere-2019 Bir de fuar an\u0131m\u0131z olmas\u0131n m\u0131? \uf04a\u2026 Uluslararas\u0131 M\u00fccevher Fuar\u0131<\/p>\n              <\/div>\n            <\/div>\n            <\/a>          <\/div>\n         <\/div><div class=\"gallery-col col\" >\n          <div class=\"col-inner\">\n            <a class=\"image-lightbox lightbox-gallery\" href=\"https:\/\/www.berrindesign.com\/wp-content\/uploads\/2023\/05\/berrindesign-work-4.jpg\" title=\"Londra\/Ingiltere-2019 Vee sahne benim\u2026 Uluslararas\u0131 M\u00fccevher Fuar\u0131\">            <div class=\"box has-hover gallery-box box-overlay dark\">\n              <div class=\"box-image image-zoom image-cover\" style=\"padding-top:100%;\">\n                <img loading=\"lazy\" decoding=\"async\" width=\"320\" height=\"400\" src=\"https:\/\/www.berrindesign.com\/wp-content\/uploads\/2023\/05\/berrindesign-work-4-320x400.jpg\" class=\"attachment-medium size-medium\" alt=\"\" ids=\"1252,1250,1254,1248\" lightbox_image_size=\"original\" columns=\"3\" image_height=\"100%\" image_hover=\"zoom\" text_size=\"large\" srcset=\"https:\/\/www.berrindesign.com\/wp-content\/uploads\/2023\/05\/berrindesign-work-4-320x400.jpg 320w, https:\/\/www.berrindesign.com\/wp-content\/uploads\/2023\/05\/berrindesign-work-4-641x800.jpg 641w, https:\/\/www.berrindesign.com\/wp-content\/uploads\/2023\/05\/berrindesign-work-4-768x959.jpg 768w, https:\/\/www.berrindesign.com\/wp-content\/uploads\/2023\/05\/berrindesign-work-4-247x308.jpg 247w, https:\/\/www.berrindesign.com\/wp-content\/uploads\/2023\/05\/berrindesign-work-4-510x637.jpg 510w, https:\/\/www.berrindesign.com\/wp-content\/uploads\/2023\/05\/berrindesign-work-4.jpg 820w\" sizes=\"auto, (max-width: 320px) 100vw, 320px\" \/>                                  <div class=\"overlay fill\"\n                      style=\"background-color: rgba(0,0,0,.15)\">\n                  <\/div>\n                                                              <\/div>\n              <div class=\"box-text text-left is-large\" >\n                 <p>Londra\/Ingiltere-2019 Vee sahne benim\u2026 Uluslararas\u0131 M\u00fccevher Fuar\u0131<\/p>\n              <\/div>\n            <\/div>\n            <\/a>          <\/div>\n         <\/div><div class=\"gallery-col col\" >\n          <div class=\"col-inner\">\n            <a class=\"image-lightbox lightbox-gallery\" href=\"https:\/\/www.berrindesign.com\/wp-content\/uploads\/2023\/05\/berrindesign-work-1.jpg\" title=\"\">            <div class=\"box has-hover gallery-box box-overlay dark\">\n              <div class=\"box-image image-zoom image-cover\" style=\"padding-top:100%;\">\n                <img loading=\"lazy\" decoding=\"async\" width=\"400\" height=\"400\" src=\"https:\/\/www.berrindesign.com\/wp-content\/uploads\/2023\/05\/berrindesign-work-1-400x400.jpg\" class=\"attachment-medium size-medium\" alt=\"\" ids=\"1252,1250,1254,1248\" lightbox_image_size=\"original\" columns=\"3\" image_height=\"100%\" image_hover=\"zoom\" text_size=\"large\" srcset=\"https:\/\/www.berrindesign.com\/wp-content\/uploads\/2023\/05\/berrindesign-work-1-400x400.jpg 400w, https:\/\/www.berrindesign.com\/wp-content\/uploads\/2023\/05\/berrindesign-work-1-800x800.jpg 800w, https:\/\/www.berrindesign.com\/wp-content\/uploads\/2023\/05\/berrindesign-work-1-280x280.jpg 280w, https:\/\/www.berrindesign.com\/wp-content\/uploads\/2023\/05\/berrindesign-work-1-768x768.jpg 768w, https:\/\/www.berrindesign.com\/wp-content\/uploads\/2023\/05\/berrindesign-work-1-247x247.jpg 247w, https:\/\/www.berrindesign.com\/wp-content\/uploads\/2023\/05\/berrindesign-work-1-510x510.jpg 510w, https:\/\/www.berrindesign.com\/wp-content\/uploads\/2023\/05\/berrindesign-work-1-100x100.jpg 100w, https:\/\/www.berrindesign.com\/wp-content\/uploads\/2023\/05\/berrindesign-work-1.jpg 1024w\" sizes=\"auto, (max-width: 400px) 100vw, 400px\" \/>                                  <div class=\"overlay fill\"\n                      style=\"background-color: rgba(0,0,0,.15)\">\n                  <\/div>\n                                                              <\/div>\n              <div class=\"box-text text-left is-large\" >\n                 <p><\/p>\n              <\/div>\n            <\/div>\n            <\/a>          <\/div>\n         <\/div><\/div>\n","protected":false},"excerpt":{"rendered":"","protected":false},"author":1,"featured_media":0,"parent":1304,"menu_order":0,"comment_status":"closed","ping_status":"closed","template":"","meta":{"footnotes":""},"class_list":["post-1297","page","type-page","status-publish","hentry"],"_links":{"self":[{"href":"https:\/\/www.berrindesign.com\/en\/wp-json\/wp\/v2\/pages\/1297","targetHints":{"allow":["GET"]}}],"collection":[{"href":"https:\/\/www.berrindesign.com\/en\/wp-json\/wp\/v2\/pages"}],"about":[{"href":"https:\/\/www.berrindesign.com\/en\/wp-json\/wp\/v2\/types\/page"}],"author":[{"embeddable":true,"href":"https:\/\/www.berrindesign.com\/en\/wp-json\/wp\/v2\/users\/1"}],"replies":[{"embeddable":true,"href":"https:\/\/www.berrindesign.com\/en\/wp-json\/wp\/v2\/comments?post=1297"}],"version-history":[{"count":2,"href":"https:\/\/www.berrindesign.com\/en\/wp-json\/wp\/v2\/pages\/1297\/revisions"}],"predecessor-version":[{"id":1303,"href":"https:\/\/www.berrindesign.com\/en\/wp-json\/wp\/v2\/pages\/1297\/revisions\/1303"}],"up":[{"embeddable":true,"href":"https:\/\/www.berrindesign.com\/en\/wp-json\/wp\/v2\/pages\/1304"}],"wp:attachment":[{"href":"https:\/\/www.berrindesign.com\/en\/wp-json\/wp\/v2\/media?parent=1297"}],"curies":[{"name":"wp","href":"https:\/\/api.w.org\/{rel}","templated":true}]}}